{"id":342,"date":"2021-04-01T09:00:48","date_gmt":"2021-04-01T07:00:48","guid":{"rendered":"http:\/\/www.engstroms.se\/?page_id=342"},"modified":"2024-09-01T18:20:27","modified_gmt":"2024-09-01T16:20:27","slug":"avesta-kort-scrapmassa","status":"publish","type":"page","link":"http:\/\/www.engstroms.se\/?page_id=342","title":{"rendered":"Avesta Kort &#038; Scrapm\u00e4ssa"},"content":{"rendered":"<p style=\"text-align: center;\">Ingen ny m\u00e4ssa planerad just nu.<\/p>\n<p style=\"text-align: center;\">&#8212;<\/p>\n<p style=\"text-align: center;\">I samband med m\u00e4ssan kommer vi \u00e4ven att arrangera en\u00a0pysseltr\u00e4ff.<\/p>\n<p style=\"text-align: center;\"><strong>Var?\u00a0<\/strong>Korskrogens bygdeg\u00e5rd (OBS! Ny plats!!), l\u00e4nk till <a href=\"https:\/\/www.google.com\/maps\/place\/KORSKROGEN+13,+775+96+Krylbo\/@60.1120464,16.286386,292m\/data=!3m1!1e3!4m6!3m5!1s0x465de2e7dd97aa5d:0xccfee864a80f84cd!8m2!3d60.1122139!4d16.2864471!16s%2Fg%2F11c4pdndb0!5m1!1e4?hl=sv&amp;entry=ttu\">Google Maps<\/a><\/p>\n<p style=\"text-align: center;\"><strong>\u00d6ppettider<\/strong><br \/>\nL\u00f6rdagen 18 maj 2024, kl: 11-18<br \/>\nS\u00f6ndagen 19 maj 2024, kl: 10-15<\/p>\n<p style=\"text-align: center;\"><strong>Utst\u00e4llare<br \/>\n<\/strong><a href=\"http:\/\/www.engstroms.se\/\">Engstr\u00f6ms Artstudio AB<\/a><\/p>\n<p style=\"text-align: center;\">P\u00e5 m\u00e4ssan kommer Engstr\u00f6ms att ha en stor OUTLET-del med massor av fynd till riktigt bra priser.<br \/>\nDet kommer \u00e4ven att finnas v\u00e5rt stora ordinarie sortiment, med nyheter, dies mm.<br \/>\nHela parken kommer att vara v\u00e4lfylld, s\u00e5 passa p\u00e5 att komma och f\u00e5 inspiration fr\u00e5n v\u00e5ra demos samt fyll p\u00e5 era scraplager!<\/p>\n<p style=\"text-align: center;\"><em><strong>Fri entr\u00e9 till m\u00e4ssan, alla \u00e4r varmt v\u00e4lkomna!<\/strong><\/em><\/p>\n<p style=\"text-align: center;\"><em><strong>\u00a0<\/strong><\/em><\/p>\n","protected":false},"excerpt":{"rendered":"<p>Ingen ny m\u00e4ssa planerad just nu. &#8212; I samband med m\u00e4ssan kommer vi \u00e4ven att arrangera en\u00a0pysseltr\u00e4ff. Var?\u00a0Korskrogens bygdeg\u00e5rd (OBS! Ny plats!!), l\u00e4nk till Google Maps \u00d6ppettider L\u00f6rdagen 18 maj 2024, kl: 11-18 S\u00f6ndagen 19 maj 2024, kl: 10-15 Utst\u00e4llare Engstr\u00f6ms Artstudio AB P\u00e5 m\u00e4ssan kommer Engstr\u00f6ms att ha en stor OUTLET-del med massor av [&hellip;]<\/p>\n","protected":false},"author":2,"featured_media":0,"parent":0,"menu_order":0,"comment_status":"closed","ping_status":"open","template":"","meta":[],"_links":{"self":[{"href":"http:\/\/www.engstroms.se\/index.php?rest_route=\/wp\/v2\/pages\/342"}],"collection":[{"href":"http:\/\/www.engstroms.se\/index.php?rest_route=\/wp\/v2\/pages"}],"about":[{"href":"http:\/\/www.engstroms.se\/index.php?rest_route=\/wp\/v2\/types\/page"}],"author":[{"embeddable":true,"href":"http:\/\/www.engstroms.se\/index.php?rest_route=\/wp\/v2\/users\/2"}],"replies":[{"embeddable":true,"href":"http:\/\/www.engstroms.se\/index.php?rest_route=%2Fwp%2Fv2%2Fcomments&post=342"}],"version-history":[{"count":41,"href":"http:\/\/www.engstroms.se\/index.php?rest_route=\/wp\/v2\/pages\/342\/revisions"}],"predecessor-version":[{"id":2545,"href":"http:\/\/www.engstroms.se\/index.php?rest_route=\/wp\/v2\/pages\/342\/revisions\/2545"}],"wp:attachment":[{"href":"http:\/\/www.engstroms.se\/index.php?rest_route=%2Fwp%2Fv2%2Fmedia&parent=342"}],"curies":[{"name":"wp","href":"https:\/\/api.w.org\/{rel}","templated":true}]}}